{"id":1038,"date":"2016-07-03T12:24:36","date_gmt":"2016-07-03T15:24:36","guid":{"rendered":"https:\/\/www.flulpycrea.com.ar\/wp\/?page_id=1038"},"modified":"2016-07-03T12:38:41","modified_gmt":"2016-07-03T15:38:41","slug":"prohibir-que-los-clientes-sin-cuentas-cierren-consumos-pospagos","status":"publish","type":"page","link":"https:\/\/www.flulpycrea.com.ar\/wp\/documentacion\/manual-del-usuario\/prohibir-que-los-clientes-sin-cuentas-cierren-consumos-pospagos\/","title":{"rendered":"Prohibir que los clientes sin cuentas cierren consumos pospagos"},"content":{"rendered":"<blockquote><p>A los consumos pospagos les solemos llamar &#8220;tiempo libre&#8221;.<\/p><\/blockquote>\n<p>Si bien cuando un cliente sin cuenta cierra un tiempo libre, al cajero se le avisa con carteles, tickets y hasta sonido, a\u00fan hay operadores que desear\u00edan que los clientes no puedan cerrar la PC con consumo\u00a0pospago, como si eso fuera a resolverles el tema del fraude debido a la distracci\u00f3n del cajero.<\/p>\n<p>Para bloquear el cierre de consumos pospagos sin cuenta deben:<\/p>\n<blockquote>\n<ul>\n<li>Ir a Configurar Configurar CiberControl -&gt; Opciones Varias.<\/li>\n<li>Tildar el casillero \u00bfSe proh\u00edbe a los clientes cerrar una PC con tiempo libre sin cuenta?.<\/li>\n<li>Hacer clic en el bot\u00f3n &#8220;Guardar&#8221; relacionado.<br \/>\n<img loading=\"lazy\" decoding=\"async\" class=\"alignnone size-full wp-image-1042\" src=\"https:\/\/www.flulpycrea.com.ar\/wp\/wp-content\/uploads\/2016\/07\/ClosePosPago.png\" alt=\"ClosePosPago\" width=\"650\" height=\"413\" srcset=\"https:\/\/www.flulpycrea.com.ar\/wp\/wp-content\/uploads\/2016\/07\/ClosePosPago.png 650w, https:\/\/www.flulpycrea.com.ar\/wp\/wp-content\/uploads\/2016\/07\/ClosePosPago-300x191.png 300w\" sizes=\"auto, (max-width: 650px) 100vw, 650px\" \/><\/li>\n<\/ul>\n<\/blockquote>\n<p>Cabe destacar que este formulario no es tan intuitivo como el de &#8220;Opciones Varias 2&#8221;, si ustedes cierran el formulario, y vuelven a abrirlo, la configuraci\u00f3n establecida no volver\u00e1 a aparecer hasta que se pulse en el bot\u00f3n verde &#8220;Obtener datos&#8221;, y solo sucede con los datos que est\u00e1n dentro de ese recuadro. Esto puede confundir a quienes tras guardar la configuraci\u00f3n, quieren volver a ver el formulario para confirmar si ha quedado grabado.<\/p>\n","protected":false},"excerpt":{"rendered":"<p>A los consumos pospagos les solemos llamar &#8220;tiempo libre&#8221;. Si bien cuando un cliente sin cuenta cierra un tiempo libre,<\/p>\n","protected":false},"author":1,"featured_media":0,"parent":118,"menu_order":0,"comment_status":"closed","ping_status":"closed","template":"","meta":{"footnotes":""},"class_list":["post-1038","page","type-page","status-publish","hentry"],"_links":{"self":[{"href":"https:\/\/www.flulpycrea.com.ar\/wp\/wp-json\/wp\/v2\/pages\/1038","targetHints":{"allow":["GET"]}}],"collection":[{"href":"https:\/\/www.flulpycrea.com.ar\/wp\/wp-json\/wp\/v2\/pages"}],"about":[{"href":"https:\/\/www.flulpycrea.com.ar\/wp\/wp-json\/wp\/v2\/types\/page"}],"author":[{"embeddable":true,"href":"https:\/\/www.flulpycrea.com.ar\/wp\/wp-json\/wp\/v2\/users\/1"}],"replies":[{"embeddable":true,"href":"https:\/\/www.flulpycrea.com.ar\/wp\/wp-json\/wp\/v2\/comments?post=1038"}],"version-history":[{"count":4,"href":"https:\/\/www.flulpycrea.com.ar\/wp\/wp-json\/wp\/v2\/pages\/1038\/revisions"}],"predecessor-version":[{"id":1044,"href":"https:\/\/www.flulpycrea.com.ar\/wp\/wp-json\/wp\/v2\/pages\/1038\/revisions\/1044"}],"up":[{"embeddable":true,"href":"https:\/\/www.flulpycrea.com.ar\/wp\/wp-json\/wp\/v2\/pages\/118"}],"wp:attachment":[{"href":"https:\/\/www.flulpycrea.com.ar\/wp\/wp-json\/wp\/v2\/media?parent=1038"}],"curies":[{"name":"wp","href":"https:\/\/api.w.org\/{rel}","templated":true}]}}