{"id":11,"date":"2016-05-27T17:42:11","date_gmt":"2016-05-27T20:42:11","guid":{"rendered":"https:\/\/www.flulpycrea.com.ar\/wp\/?page_id=11"},"modified":"2023-10-07T18:51:27","modified_gmt":"2023-10-07T21:51:27","slug":"empresa","status":"publish","type":"page","link":"https:\/\/www.flulpycrea.com.ar\/wp\/empresa\/","title":{"rendered":"Empresa"},"content":{"rendered":"<h2>FlulpyCrea\u00ae en Argentina:<\/h2>\n<pre><strong> \/\/ listado de agentes en el exterior abajo de todo \/\/.<\/strong><\/pre>\n<h3>Direcci\u00f3n:<\/h3>\n<blockquote>\n<p>Direcci\u00f3n: Av. Arij\u00f3n 1587 \u2013 ROSARIO \u2013 SANTA FE<\/p>\n<\/blockquote>\n<h3>Tel\u00e9fonos:<\/h3>\n<blockquote>\n<p>Antes de llamar: <strong>Sres. atendemos fundamentalmente ONLINE:<\/strong><\/p>\n<ul>\n<li>Por Facebook, Tenemos\u00a0<a href=\"https:\/\/www.facebook.com\/flulpycrea\">https:\/\/www.facebook.com\/flulpycrea<\/a><\/li>\n<li>A su vez, en el Facebook est\u00e1 el chat &#8216;Sporte Master Control&#8217;, que es por invitaci\u00f3n.<\/li>\n<li>Estamos en el Facebook tambi\u00e9n con el nombre titular, GUILLERMO RICARDO FLOOK.<\/li>\n<li>Aparte, varias veces al d\u00eda revisamos el Email: flyguille (at) hotmail (dot) com.<\/li>\n<li>Aparte, 1 vez a la semana revisamos los emails &#8230; (at) flulpycrea.com.ar.<\/li>\n<li>Aparte estamos en el chat interno del mismo software de gesti\u00f3n (canal Staff).<\/li>\n<li>Y en dicho chat aparte de los +100 administradores y empleados, hay un BOT que responde preguntas de forma autom\u00e1tica con un buen entendimiento del lenguaje espa\u00f1ol bien escrito.<\/li>\n<li>Aparte est\u00e1 toda la documentaci\u00f3n del MANUAL en esta p\u00e1gina.<\/li>\n<li>Aparte est\u00e1n todas las hojas de soporte en esta p\u00e1gina.<\/li>\n<li>Aparte est\u00e1 la gu\u00eda de instalaci\u00f3n donde se mencionan los pre-requisitos en esta p\u00e1gina.<\/li>\n<\/ul>\n<ul>\n<li>Llame al revendedor y\/o representante que corresponda seg\u00fan su pa\u00eds.<\/li>\n<\/ul>\n<ul>\n<li>Ahora en Argentina, por ahora no tenemos a un revendedor \/ representante, debido a la crisis econ\u00f3mica del mercado interno Argentino, por lo tanto llamar no es una opci\u00f3n, Ud. debe contactarnos online s\u00ed o s\u00ed, salvo emergencia.<\/li>\n<\/ul>\n<p><strong>Casa central:<\/strong><\/p>\n<p style=\"padding-left: 60px;\"><strong>Internacional:<\/strong> +54 9 341 2 \/ 8 \/ 0 \/ 9 \/ 8 \/ 4 \/ 3 <span style=\"color: #ff6600;\">(De Lunes a Viernes de 10am a 10pm UTC-3hrs)<\/span>. <span style=\"color: #ff6600;\">Whatsapp tambi\u00e9n.<\/span><\/p>\n<p style=\"padding-left: 60px;\"><strong>Desde Argentina (a fijo):<\/strong> (0341) 2 \/ 8 \/ 0 \/ 9 \/ 8 \/ 4 \/ 3 <span style=\"color: #ff6600;\">(De Lunes a Viernes de 10am a 10pm). Whatsapp tambi\u00e9n.<\/span><\/p>\n<p style=\"padding-left: 60px;\"><strong>Desde Rosario:<\/strong> 152-8 \/ 0 \/ 9 \/ 8 \/ 4 \/ 3 <span style=\"color: #ff6600;\">(De Lunes a Viernes de 10am a 10pm). Whatsapp tambi\u00e9n.<\/span><\/p>\n<p>Whatsapp: +54 9 341 2 \/ 8 \/ 0 \/ 9 \/ 8 \/ 4 \/ 3<\/p>\n<p style=\"padding-left: 60px;\"><span style=\"color: #ff0000;\"><strong style=\"font-size: 1.125rem;\">Las llamadas a la casa central de FlulpyCrea es solo para EMERGENCIAS.<\/strong><\/span><\/p>\n<\/blockquote>\n<h3>Online en el chat interno del sistema:<\/h3>\n<blockquote>\n<p>flyguille@flulpycrea Operador@flulpycrea<\/p>\n<\/blockquote>\n<h3>Atenci\u00f3n al cliente mediante el email corporativo:<\/h3>\n<blockquote>\n<p>soporte@flulpycrea.com.ar <span style=\"color: #800000;\">(por favor, <strong>no estamos constantemente viendo los emails<\/strong>, si es realmente una emergencia, llame por tel\u00e9fono o b\u00fasquenos en facebook o en el chat interno del sistema).<\/span><\/p>\n<\/blockquote>\n<h3>Asuntos fiscales:<\/h3>\n<blockquote>\n<p>Nombre Fantas\u00eda: FlulpyCrea\u00ae. Titular fiscal: Guillermo Ricardo Flook. CUIT: 20-24784645-0. I.B.: 021-320837-2.<\/p>\n<p><a href=\"http:\/\/qr.afip.gob.ar\/?qr=lzi7QJaS8IlcqMzWRdnrvg,,\" target=\"_F960AFIPInfo\" rel=\"noopener noreferrer\"><img decoding=\"async\" src=\"http:\/\/www.afip.gob.ar\/images\/f960\/DATAWEB.jpg\" border=\"0\" \/><\/a><\/p>\n<\/blockquote>\n<h3>Asuntos legales:<\/h3>\n<blockquote>\n<p>Ante toda cuesti\u00f3n judicial, se declara la jurisdicci\u00f3n de los \u201cTribunales ordinarios de la ciudad de Rosario, Provincia de Santa Fe, Argentina.<\/p>\n<\/blockquote>\n<h3>Agentes de ventas y\/o servicios en el exterior:<\/h3>\n<blockquote>\n<h4>En el gran Per\u00fa:<\/h4>\n<ul>\n<li><strong>ZARATE PONCE, DIEGO ROGER<\/strong> (representante, vendedor, t\u00e9cnico instalador, soporte). Tel.: +51 951041696, <strong>Email:<\/strong> dzarate@flulpycrea.com.ar <strong>Bancos con los que opera:<\/strong> Banco de cr\u00e9dito de Per\u00fa,\u00a0InterBank,\u00a0ScotiaBank,\u00a0BBVA Continental,\u00a0Banco de la Naci\u00f3n.<br \/>.<br \/>Website: <a href=\"https:\/\/www.zarsoftconsulting.com\">https:\/\/www.zarsoftconsulting.com<\/a><br \/>.<\/li>\n<li><strong>MELGAR SOTO, CARLOS ENRIQUE<\/strong> (vendedor, t\u00e9cnico instalador, soporte). Tel.: +51 989 892 854. Bancos con los que opera: BBVA Continental.<\/li>\n<\/ul>\n<\/blockquote>\n<blockquote>\n<h4>En Bolivia:<\/h4>\n<ul>\n<li><strong>CALIZAYA AYALA, GUSTAVO ALBERTO<\/strong> (vendedor, t\u00e9cnico instalador, soporte). Tel.: +591 69596959, Email: Albertoking@gmail.com ,\u00a0<strong>Bancos con los que opera:<\/strong> Banco Uni\u00f3n.<\/li>\n<\/ul>\n<\/blockquote>\n\n\n<p><\/p>\n","protected":false},"excerpt":{"rendered":"<p>FlulpyCrea\u00ae en Argentina: \/\/ listado de agentes en el exterior abajo de todo \/\/. Direcci\u00f3n: Direcci\u00f3n: Av. Arij\u00f3n 1587 \u2013<\/p>\n","protected":false},"author":1,"featured_media":0,"parent":0,"menu_order":7,"comment_status":"closed","ping_status":"closed","template":"","meta":{"footnotes":""},"class_list":["post-11","page","type-page","status-publish","hentry"],"_links":{"self":[{"href":"https:\/\/www.flulpycrea.com.ar\/wp\/wp-json\/wp\/v2\/pages\/11","targetHints":{"allow":["GET"]}}],"collection":[{"href":"https:\/\/www.flulpycrea.com.ar\/wp\/wp-json\/wp\/v2\/pages"}],"about":[{"href":"https:\/\/www.flulpycrea.com.ar\/wp\/wp-json\/wp\/v2\/types\/page"}],"author":[{"embeddable":true,"href":"https:\/\/www.flulpycrea.com.ar\/wp\/wp-json\/wp\/v2\/users\/1"}],"replies":[{"embeddable":true,"href":"https:\/\/www.flulpycrea.com.ar\/wp\/wp-json\/wp\/v2\/comments?post=11"}],"version-history":[{"count":45,"href":"https:\/\/www.flulpycrea.com.ar\/wp\/wp-json\/wp\/v2\/pages\/11\/revisions"}],"predecessor-version":[{"id":4606,"href":"https:\/\/www.flulpycrea.com.ar\/wp\/wp-json\/wp\/v2\/pages\/11\/revisions\/4606"}],"wp:attachment":[{"href":"https:\/\/www.flulpycrea.com.ar\/wp\/wp-json\/wp\/v2\/media?parent=11"}],"curies":[{"name":"wp","href":"https:\/\/api.w.org\/{rel}","templated":true}]}}