{"id":1230,"date":"2016-09-26T11:06:03","date_gmt":"2016-09-26T14:06:03","guid":{"rendered":"https:\/\/www.flulpycrea.com.ar\/wp\/?page_id=1230"},"modified":"2016-09-26T11:13:53","modified_gmt":"2016-09-26T14:13:53","slug":"ver-comparativas-de-la-demanda-ano-con-ano-mes-a-mes-y-semana-a-semana","status":"publish","type":"page","link":"https:\/\/www.flulpycrea.com.ar\/wp\/documentacion\/manual-del-usuario\/ver-comparativas-de-la-demanda-ano-con-ano-mes-a-mes-y-semana-a-semana\/","title":{"rendered":"Ver comparativas de la demanda, a\u00f1o con a\u00f1o, mes a mes y semana a semana"},"content":{"rendered":"<blockquote>\n<ul>\n<li>Desde la \u201cBarra de administraci\u00f3n\u201d clic en el bot\u00f3n \u201cVer estad\u00edsticas\u201d o \u201cVisor de estd\u00edsticas\u201d (seg\u00fan la skin), se puede acceder a una ventana multi-prop\u00f3sito para\u00a0pedir informes estad\u00edsticos de toda clase.<\/li>\n<li>Clic en la segunda opci\u00f3n &#8220;Reporte sobre la progresi\u00f3n del uso horario&#8221;.<\/li>\n<li>Por lo general se desea comparar la fecha de ayer, as\u00ed que cambiar a la fecha de ayer.<\/li>\n<li>Haz clic en &#8220;Pedir informe&#8221;.<\/li>\n<\/ul>\n<\/blockquote>\n<p>Este informe responde a nuestras inquietudes sobre: \u00bfC\u00f3mo nos fue en comparaci\u00f3n con el mismo d\u00eda pero del a\u00f1o pasado, o el mismo d\u00eda pero del mes anterior, o el mismo d\u00eda de la semana anterior?.<\/p>\n<p><strong>S\u00f3lo se debe comparar el d\u00eda de hoy si ya fue trabajado en todo su horario<\/strong>. Por lo general se compara el d\u00eda de la fecha de ayer.<\/p>\n<p>Si nosotros estamos interesados en ver estas comparativas, es porque estamos interesados en saber si a\u00f1o con a\u00f1o estamos mejorando, igual o empeorando. A fin de tomar las medidas necesarias para cambiar nuestro destino comercial a tiempo.<\/p>\n<p><img loading=\"lazy\" decoding=\"async\" class=\"alignnone size-full wp-image-1231\" src=\"https:\/\/www.flulpycrea.com.ar\/wp\/wp-content\/uploads\/2016\/09\/compare.png\" alt=\"compare\" width=\"935\" height=\"667\" srcset=\"https:\/\/www.flulpycrea.com.ar\/wp\/wp-content\/uploads\/2016\/09\/compare.png 935w, https:\/\/www.flulpycrea.com.ar\/wp\/wp-content\/uploads\/2016\/09\/compare-300x214.png 300w, https:\/\/www.flulpycrea.com.ar\/wp\/wp-content\/uploads\/2016\/09\/compare-90x65.png 90w\" sizes=\"auto, (max-width: 935px) 100vw, 935px\" \/><\/p>\n<p>Del informe de la imagen podemos entender que este a\u00f1o nos fue mejor que el a\u00f1o pasado, pero como venimos de la temporada alta y vamos hacia la temporada baja, nos fue peor contra el mismo d\u00eda del mes pasado, no mucho pero peor. Y que como a la gente no le alcanza el dinero hasta fin de mes, se gastan m\u00e1s dinero a principio de mes que a fin de mes, y por eso nos est\u00e1 yendo mucho peor que la semana pasada.<\/p>\n<blockquote>\n<ul>\n<li>Cabe destacar que este informe solo nos permite comparar una \u00fanica fecha. Tambi\u00e9n cabe destacar que el muestreo es cada 5 minutos, es decir, que si a las 10:00am hab\u00eda 3 PCs rentadas, sumar\u00e1 3, y si a las 10:05am hay 7 PCs rentadas, sumar\u00e1 7.<\/li>\n<li>Si quieres convertir el total de muestreos en minutos rentados, multiplica los totales informados\u00a0por cinco. Eso te dar\u00e1 la cantidad de minutos rentados entre todas las PCs todo el d\u00eda. Pero como este es un informe para comparar, no importa si comparamos muestreos o minutos de renta.<\/li>\n<li>Finalmente cuando se compara contra mismo d\u00eda del a\u00f1o pasado, o mes pasado, no se compara contra la fecha num\u00e9rica exacta, sino que el informe compara DOMINGO contra DOMINGO, LUNES contra LUNES, esto es importante para que la comparativa no se vea afectada por la curva de demanda seg\u00fan el d\u00eda de la semana, ya que los cibers por lo general no recaudamos lo mismo un MARTES que un S\u00c1BADO o DOMINGO, etc., entonces este informe desacopla esta variaci\u00f3n de la comparativa anual y mensual buscando la fecha equivalente real, no la num\u00e9rica.<\/li>\n<\/ul>\n<\/blockquote>\n<p>&nbsp;<\/p>\n","protected":false},"excerpt":{"rendered":"<p>Desde la \u201cBarra de administraci\u00f3n\u201d clic en el bot\u00f3n \u201cVer estad\u00edsticas\u201d o \u201cVisor de estd\u00edsticas\u201d (seg\u00fan la skin), se puede<\/p>\n","protected":false},"author":1,"featured_media":0,"parent":118,"menu_order":0,"comment_status":"closed","ping_status":"closed","template":"","meta":{"footnotes":""},"class_list":["post-1230","page","type-page","status-publish","hentry"],"_links":{"self":[{"href":"https:\/\/www.flulpycrea.com.ar\/wp\/wp-json\/wp\/v2\/pages\/1230","targetHints":{"allow":["GET"]}}],"collection":[{"href":"https:\/\/www.flulpycrea.com.ar\/wp\/wp-json\/wp\/v2\/pages"}],"about":[{"href":"https:\/\/www.flulpycrea.com.ar\/wp\/wp-json\/wp\/v2\/types\/page"}],"author":[{"embeddable":true,"href":"https:\/\/www.flulpycrea.com.ar\/wp\/wp-json\/wp\/v2\/users\/1"}],"replies":[{"embeddable":true,"href":"https:\/\/www.flulpycrea.com.ar\/wp\/wp-json\/wp\/v2\/comments?post=1230"}],"version-history":[{"count":5,"href":"https:\/\/www.flulpycrea.com.ar\/wp\/wp-json\/wp\/v2\/pages\/1230\/revisions"}],"predecessor-version":[{"id":1237,"href":"https:\/\/www.flulpycrea.com.ar\/wp\/wp-json\/wp\/v2\/pages\/1230\/revisions\/1237"}],"up":[{"embeddable":true,"href":"https:\/\/www.flulpycrea.com.ar\/wp\/wp-json\/wp\/v2\/pages\/118"}],"wp:attachment":[{"href":"https:\/\/www.flulpycrea.com.ar\/wp\/wp-json\/wp\/v2\/media?parent=1230"}],"curies":[{"name":"wp","href":"https:\/\/api.w.org\/{rel}","templated":true}]}}