{"id":1619,"date":"2017-04-10T09:45:05","date_gmt":"2017-04-10T12:45:05","guid":{"rendered":"https:\/\/www.flulpycrea.com.ar\/wp\/?page_id=1619"},"modified":"2017-04-10T09:47:40","modified_gmt":"2017-04-10T12:47:40","slug":"luego-de-reiniciar-la-pc-el-controlador-cliente-no-inicia-la-pc-no-se-bloquea","status":"publish","type":"page","link":"https:\/\/www.flulpycrea.com.ar\/wp\/documentacion\/soporte-tecnico\/luego-de-reiniciar-la-pc-el-controlador-cliente-no-inicia-la-pc-no-se-bloquea\/","title":{"rendered":"Luego de reiniciar la PC, el controlador cliente no inicia, la PC no se bloquea"},"content":{"rendered":"<h3>S\u00cdNTOMAS<\/h3>\n<blockquote>\n<ul>\n<li>Cuando instal\u00e9 o actualic\u00e9 el Flulpy Client, y reinici\u00e9 la PC, se supon\u00eda que el &#8220;Cyber Control Client&#8221; deber\u00eda bloquear la PC, o al menos mostrar el modo mantenimiento, pero no pas\u00f3 eso, la PC funciona como si fuera una PC sin controlador.<\/li>\n<\/ul>\n<\/blockquote>\n<h3>VERIFICAR EL PROBLEMA<\/h3>\n<blockquote>\n<ul>\n<li>En el bot\u00f3n inicio de Windows en el campo &#8220;<strong>Buscar<\/strong>&#8221; escriba &#8220;<strong>Programador de tareas<\/strong>&#8221; o &#8220;task scheduler&#8221; (si Windows en ingl\u00e9s) y seleccione el mismo de la lista de resultados.Si el programador de tareas funciona, se ver\u00e1 algo similar a la siguiente imagen:<\/li>\n<li><img loading=\"lazy\" decoding=\"async\" class=\"alignnone size-full wp-image-1620\" src=\"https:\/\/www.flulpycrea.com.ar\/wp\/wp-content\/uploads\/2017\/04\/TaskProg.png\" alt=\"\" width=\"1920\" height=\"1080\" srcset=\"https:\/\/www.flulpycrea.com.ar\/wp\/wp-content\/uploads\/2017\/04\/TaskProg.png 1920w, https:\/\/www.flulpycrea.com.ar\/wp\/wp-content\/uploads\/2017\/04\/TaskProg-300x169.png 300w, https:\/\/www.flulpycrea.com.ar\/wp\/wp-content\/uploads\/2017\/04\/TaskProg-1024x576.png 1024w\" sizes=\"auto, (max-width: 1920px) 100vw, 1920px\" \/><\/li>\n<li>Caso contrario, sale un cartel de error diciendo que el servicio no est\u00e1 disponible, que no se puede abrir, etc., en tal caso Ud. tiene este problema.<\/li>\n<\/ul>\n<\/blockquote>\n<h3>MOTIVOS<\/h3>\n<blockquote>\n<ul>\n<li>No se ha cumplido con un pre-requisito, aseg\u00farese de que &#8220;el programador de tareas de Windows&#8221; funcione, el mismo pudo haber sido da\u00f1ado\/bloqueado por software de &#8220;optimizaci\u00f3n de Windows&#8221;, o estar ausente ya por ser un Windows pirata &#8220;LITE&#8221;.<\/li>\n<\/ul>\n<\/blockquote>\n<h3>SOLUCI\u00d3N<\/h3>\n<blockquote>\n<ul>\n<li>Hasta ahora no hemos encontrado una herramienta por parte de Microsoft al estilo &#8220;FixIt&#8221;, manualmente tampoco hemos encontrado la causa por la cual no funcione.<\/li>\n<li>El programador de tareas es un componente nativo de Windows desde el Windows XP, se supone que no deber\u00eda fallar nunca.<\/li>\n<\/ul>\n<\/blockquote>\n","protected":false},"excerpt":{"rendered":"<p>S\u00cdNTOMAS Cuando instal\u00e9 o actualic\u00e9 el Flulpy Client, y reinici\u00e9 la PC, se supon\u00eda que el &#8220;Cyber Control Client&#8221; deber\u00eda<\/p>\n","protected":false},"author":1,"featured_media":0,"parent":114,"menu_order":0,"comment_status":"closed","ping_status":"closed","template":"","meta":{"footnotes":""},"class_list":["post-1619","page","type-page","status-publish","hentry"],"_links":{"self":[{"href":"https:\/\/www.flulpycrea.com.ar\/wp\/wp-json\/wp\/v2\/pages\/1619","targetHints":{"allow":["GET"]}}],"collection":[{"href":"https:\/\/www.flulpycrea.com.ar\/wp\/wp-json\/wp\/v2\/pages"}],"about":[{"href":"https:\/\/www.flulpycrea.com.ar\/wp\/wp-json\/wp\/v2\/types\/page"}],"author":[{"embeddable":true,"href":"https:\/\/www.flulpycrea.com.ar\/wp\/wp-json\/wp\/v2\/users\/1"}],"replies":[{"embeddable":true,"href":"https:\/\/www.flulpycrea.com.ar\/wp\/wp-json\/wp\/v2\/comments?post=1619"}],"version-history":[{"count":2,"href":"https:\/\/www.flulpycrea.com.ar\/wp\/wp-json\/wp\/v2\/pages\/1619\/revisions"}],"predecessor-version":[{"id":1623,"href":"https:\/\/www.flulpycrea.com.ar\/wp\/wp-json\/wp\/v2\/pages\/1619\/revisions\/1623"}],"up":[{"embeddable":true,"href":"https:\/\/www.flulpycrea.com.ar\/wp\/wp-json\/wp\/v2\/pages\/114"}],"wp:attachment":[{"href":"https:\/\/www.flulpycrea.com.ar\/wp\/wp-json\/wp\/v2\/media?parent=1619"}],"curies":[{"name":"wp","href":"https:\/\/api.w.org\/{rel}","templated":true}]}}