{"id":2798,"date":"2019-12-10T11:14:33","date_gmt":"2019-12-10T14:14:33","guid":{"rendered":"https:\/\/www.flulpycrea.com.ar\/wp\/?page_id=2798"},"modified":"2019-12-10T11:14:35","modified_gmt":"2019-12-10T14:14:35","slug":"politicas-implementables-en-los-clanes","status":"publish","type":"page","link":"https:\/\/www.flulpycrea.com.ar\/wp\/documentacion\/manual-del-usuario\/politicas-implementables-en-los-clanes\/","title":{"rendered":"Pol\u00edticas implementables en los clanes"},"content":{"rendered":"\n<p>Ya vimos en la parte de conceptos sobre los clanes que pueden ser con o sin globalizaci\u00f3n de saldos.<\/p>\n\n\n\n<p>Las pol\u00edticas que se pueden implementar de forma automatizadas es la vigilancia de que ninguno de los miembros de clan baje el precio de la hora de juegos (tarifa regular) por debajo de cierto l\u00edmite, esto es muy importante ya que permite obligar a los miembros a tener un piso de calidad m\u00ednimo y exigible.<\/p>\n\n\n\n<p>Por lo general los clanes no mezclan pa\u00edses ya que al ser diferentes monedas no se puede implementar una igualdad monetaria a los efectos de la vigilancia, aparte, de que no tiene mucho sentido el esfuerzo de que una alianza sobrepase las fronteras ser\u00eda de un uso muy poco frecuente que alguien viaje al exterior y quiera usar su cuenta. Por lo tanto si se usa la pol\u00edtica de &#8220;Costo m\u00ednimo de la hora&#8221; tambi\u00e9n se suele restringir la alianza a un pa\u00eds determinado (vea la siguiente imagen).<br><\/p>\n\n\n\n<figure class=\"wp-block-image size-large\"><img loading=\"lazy\" decoding=\"async\" width=\"770\" height=\"289\" src=\"https:\/\/www.flulpycrea.com.ar\/wp\/wp-content\/uploads\/2019\/12\/image.png\" alt=\"\" class=\"wp-image-2799\" srcset=\"https:\/\/www.flulpycrea.com.ar\/wp\/wp-content\/uploads\/2019\/12\/image.png 770w, https:\/\/www.flulpycrea.com.ar\/wp\/wp-content\/uploads\/2019\/12\/image-300x113.png 300w\" sizes=\"auto, (max-width: 770px) 100vw, 770px\" \/><\/figure>\n\n\n\n<p>Al restringir a una tarifa m\u00ednima, lo que har\u00e1 el clan es ir testeando de vez en cuando, cuanto se cobra de tarifa regular en todas las zonas creadas, con cuenta y sin cuenta. Y toma la tarifa m\u00e1s baja por una hora de consumo como la tarifa m\u00e1s baja del establecimiento, y lo va haciendo a todo horario, si detecta consistentemente que est\u00e1 cobrando menos de lo permitido para el clan, autom\u00e1ticamente es expulsado del clan, deja de pertenecer al clan. El testeo de consistencia es importante porque se contempla que puede estar justo configurando las tarifas o las zonas mientras cay\u00f3 un testeo y no se desea que por un testeo malo aislado se expulse a un miembro del clan.<br><br>Otra pol\u00edtica implementable es la de un tama\u00f1o m\u00ednimo de un establecimiento para que pertenezca y permanezca en el clan, el tama\u00f1o es medido en t\u00e9rminos de dispositivos (PCs) alquilables (CLIENTES).<\/p>\n\n\n\n<p>Lo de globalizar o no globalizar saldo ya fue explicado en los conceptos de clanes.<\/p>\n\n\n\n<p>Tambi\u00e9n hay una pol\u00edtica de protecci\u00f3n de saldos en las cuentas del clan, donde el saldo no puede estar por arriba de dicho l\u00edmite, esto protege al clan contra hackeos por establecimientos miembros del clan en franca retirada.<\/p>\n\n\n\n<p>Un administrador del clan puede cambiar el password de suscripci\u00f3n, este password es para que ingresen nuevos miembros al clan, y no afecta a los que ya pertenecen al clan.<\/p>\n\n\n\n<p><\/p>\n","protected":false},"excerpt":{"rendered":"<p>Ya vimos en la parte de conceptos sobre los clanes que pueden ser con o sin globalizaci\u00f3n de saldos. Las<\/p>\n","protected":false},"author":1,"featured_media":0,"parent":118,"menu_order":0,"comment_status":"closed","ping_status":"closed","template":"","meta":{"footnotes":""},"class_list":["post-2798","page","type-page","status-publish","hentry"],"_links":{"self":[{"href":"https:\/\/www.flulpycrea.com.ar\/wp\/wp-json\/wp\/v2\/pages\/2798","targetHints":{"allow":["GET"]}}],"collection":[{"href":"https:\/\/www.flulpycrea.com.ar\/wp\/wp-json\/wp\/v2\/pages"}],"about":[{"href":"https:\/\/www.flulpycrea.com.ar\/wp\/wp-json\/wp\/v2\/types\/page"}],"author":[{"embeddable":true,"href":"https:\/\/www.flulpycrea.com.ar\/wp\/wp-json\/wp\/v2\/users\/1"}],"replies":[{"embeddable":true,"href":"https:\/\/www.flulpycrea.com.ar\/wp\/wp-json\/wp\/v2\/comments?post=2798"}],"version-history":[{"count":1,"href":"https:\/\/www.flulpycrea.com.ar\/wp\/wp-json\/wp\/v2\/pages\/2798\/revisions"}],"predecessor-version":[{"id":2800,"href":"https:\/\/www.flulpycrea.com.ar\/wp\/wp-json\/wp\/v2\/pages\/2798\/revisions\/2800"}],"up":[{"embeddable":true,"href":"https:\/\/www.flulpycrea.com.ar\/wp\/wp-json\/wp\/v2\/pages\/118"}],"wp:attachment":[{"href":"https:\/\/www.flulpycrea.com.ar\/wp\/wp-json\/wp\/v2\/media?parent=2798"}],"curies":[{"name":"wp","href":"https:\/\/api.w.org\/{rel}","templated":true}]}}