{"id":3159,"date":"2020-10-07T14:21:59","date_gmt":"2020-10-07T17:21:59","guid":{"rendered":"https:\/\/www.flulpycrea.com.ar\/wp\/?page_id=3159"},"modified":"2020-10-07T14:31:13","modified_gmt":"2020-10-07T17:31:13","slug":"el-master-control-client-no-arranca-al-iniciar-la-pc-y-queda-sin-controlador-y-solo-anduvo-la-primera-vez-cuando-lo-instale","status":"publish","type":"page","link":"https:\/\/www.flulpycrea.com.ar\/wp\/documentacion\/soporte-tecnico\/el-master-control-client-no-arranca-al-iniciar-la-pc-y-queda-sin-controlador-y-solo-anduvo-la-primera-vez-cuando-lo-instale\/","title":{"rendered":"El \u201cMaster Control Client\u201d NO ARRANCA al iniciar la PC y queda sin controlador, y solo anduvo la primera vez cuando lo instal\u00e9."},"content":{"rendered":"\n<h2 class=\"wp-block-heading\">CIRCUNSTANCIAS<\/h2>\n\n\n\n<blockquote class=\"wp-block-quote is-layout-flow wp-block-quote-is-layout-flow\"><p>Esto se ha visto mayormente en Windows 7, y en Windows &#8220;limpiados&#8221; para un arranque m\u00e1s r\u00e1pido. O im\u00e1genes de Windows 7 piratas que ya vienen con ese preparado de arranque r\u00e1pido. Lo que hacen es semi-destruir el programador de tareas, para que ninguna APP pueda arrancar al inicio.<\/p><p>Despu\u00e9s viene la t\u00edpica interrogantes \u00bfPero si otro sistema de control que us\u00e9 antes s\u00ed arrancaba autom\u00e1ticamente?, esto es porque ese otro controlador usa un arranque m\u00e1s primitivo, ya que solo ofrece funciones b\u00e1sicas, mientras que el &#8220;Master Control Client&#8221; tiene funciones de supervisi\u00f3n y control m\u00e1s avanzadas y por lo tanto requiere de privilegios especiales que solo puede obtener arrancando mediante el administrador de tareas.<\/p><\/blockquote>\n\n\n\n<h2 class=\"wp-block-heading\">S\u00cdNTOMAS<\/h2>\n\n\n\n<blockquote class=\"wp-block-quote is-layout-flow wp-block-quote-is-layout-flow\"><p>El controlador cliente solo anduvo la primera vez que se instal\u00f3 y ya luego al reiniciar la PC no volvi\u00f3 a controlar.<\/p><p>Si intentas crear una tarea programada, manualmente, ejecutando el programador de tareas, ver\u00e1s 2 errores al momento de aceptar la creaci\u00f3n, que se leen m\u00e1s o menos como &#8220;Imagen o tarea corrupta&#8221;, o &#8220;Ya existe una tarea con el mismo nombre&#8221; y es mentira, (en espa\u00f1ol o en ingl\u00e9s). <\/p><\/blockquote>\n\n\n\n<h2 class=\"wp-block-heading\">SOLUCI\u00d3N<\/h2>\n\n\n\n<ol class=\"wp-block-list\"><li>Descongelar, o si usas disco virtual, activar modo Super Cliente (Super User).<\/li><li>Ejecutar la consola CMD de comandos COMO ADMINISTRADOR, es decir, ir a programas -&gt; accesorios -&gt; CMD -&gt; click derecho -&gt; Ejecutar como admin.<\/li><li>Escribir y ejecutar el siguiente comando:<br>fsutil resource setautoreset true c:\\<\/li><li>Reiniciar la PC<\/li><li>Luego vas a C:\\Program FIles (x86)\\Master Control Client\\<br>(la carpeta puede no ser visible, por lo tanto escribe &#8220;Master Control Client&#8221; en la barra de direcciones estando posicionado en &#8220;Program Files (x86)&#8221;).<\/li><li>Ejecutas COMO ADMIN el archivo CyberControlClient.exe<\/li><li>Listo, ya deber\u00eda funcionar, reinicie y compruebe y luego congele.<\/li><\/ol>\n","protected":false},"excerpt":{"rendered":"<p>CIRCUNSTANCIAS Esto se ha visto mayormente en Windows 7, y en Windows &#8220;limpiados&#8221; para un arranque m\u00e1s r\u00e1pido. O im\u00e1genes<\/p>\n","protected":false},"author":1,"featured_media":0,"parent":114,"menu_order":0,"comment_status":"closed","ping_status":"closed","template":"","meta":{"footnotes":""},"class_list":["post-3159","page","type-page","status-publish","hentry"],"_links":{"self":[{"href":"https:\/\/www.flulpycrea.com.ar\/wp\/wp-json\/wp\/v2\/pages\/3159","targetHints":{"allow":["GET"]}}],"collection":[{"href":"https:\/\/www.flulpycrea.com.ar\/wp\/wp-json\/wp\/v2\/pages"}],"about":[{"href":"https:\/\/www.flulpycrea.com.ar\/wp\/wp-json\/wp\/v2\/types\/page"}],"author":[{"embeddable":true,"href":"https:\/\/www.flulpycrea.com.ar\/wp\/wp-json\/wp\/v2\/users\/1"}],"replies":[{"embeddable":true,"href":"https:\/\/www.flulpycrea.com.ar\/wp\/wp-json\/wp\/v2\/comments?post=3159"}],"version-history":[{"count":2,"href":"https:\/\/www.flulpycrea.com.ar\/wp\/wp-json\/wp\/v2\/pages\/3159\/revisions"}],"predecessor-version":[{"id":3163,"href":"https:\/\/www.flulpycrea.com.ar\/wp\/wp-json\/wp\/v2\/pages\/3159\/revisions\/3163"}],"up":[{"embeddable":true,"href":"https:\/\/www.flulpycrea.com.ar\/wp\/wp-json\/wp\/v2\/pages\/114"}],"wp:attachment":[{"href":"https:\/\/www.flulpycrea.com.ar\/wp\/wp-json\/wp\/v2\/media?parent=3159"}],"curies":[{"name":"wp","href":"https:\/\/api.w.org\/{rel}","templated":true}]}}