{"id":422,"date":"2016-06-01T15:56:13","date_gmt":"2016-06-01T18:56:13","guid":{"rendered":"https:\/\/www.flulpycrea.com.ar\/wp\/?page_id=422"},"modified":"2016-06-01T15:56:13","modified_gmt":"2016-06-01T18:56:13","slug":"editar-categoria-de-cuentas-existente","status":"publish","type":"page","link":"https:\/\/www.flulpycrea.com.ar\/wp\/documentacion\/manual-del-usuario\/editar-categoria-de-cuentas-existente\/","title":{"rendered":"Editar categor\u00eda de cuentas existente"},"content":{"rendered":"<p>&nbsp;<\/p>\n<blockquote>\n<ul>\n<li>Para editar una\u00a0categor\u00edas entre a la opci\u00f3n &#8220;Definir lista de categor\u00edas de cuentas&#8221;.<\/li>\n<li>Seleccione la categor\u00eda a modificar.<\/li>\n<li>Haga los cambios pertinentes, no podr\u00e1 cambiar el nombre de la categor\u00eda.<img loading=\"lazy\" decoding=\"async\" class=\"alignnone size-full wp-image-414\" src=\"https:\/\/www.flulpycrea.com.ar\/wp\/wp-content\/uploads\/2016\/06\/Dibujo16.png\" alt=\"Dibujo16\" width=\"701\" height=\"647\" srcset=\"https:\/\/www.flulpycrea.com.ar\/wp\/wp-content\/uploads\/2016\/06\/Dibujo16.png 701w, https:\/\/www.flulpycrea.com.ar\/wp\/wp-content\/uploads\/2016\/06\/Dibujo16-300x277.png 300w\" sizes=\"auto, (max-width: 701px) 100vw, 701px\" \/><\/li>\n<li>No olvides de guardar los cambios.<\/li>\n<li>Solo cabe destacar que el casillero <strong>descuento<\/strong> est\u00e1 expresado en porcentaje, donde la <strong>tarifa normalizada es 0% descuento<\/strong>, y un 20% de descuento significar\u00e1 cobrar solamente el 80% de la tarifa.<\/li>\n<\/ul>\n<\/blockquote>\n<p>Finalmente vale la pena mencionar que aqu\u00ed mismo puede seleccionar una categor\u00eda de cuenta y borrarla, pero primero aseg\u00farese de que no haya cuentas asignadas a dicha categor\u00eda.<\/p>\n<p>&nbsp;<\/p>\n","protected":false},"excerpt":{"rendered":"<p>&nbsp; Para editar una\u00a0categor\u00edas entre a la opci\u00f3n &#8220;Definir lista de categor\u00edas de cuentas&#8221;. Seleccione la categor\u00eda a modificar. Haga<\/p>\n","protected":false},"author":1,"featured_media":0,"parent":118,"menu_order":0,"comment_status":"closed","ping_status":"closed","template":"","meta":{"footnotes":""},"class_list":["post-422","page","type-page","status-publish","hentry"],"_links":{"self":[{"href":"https:\/\/www.flulpycrea.com.ar\/wp\/wp-json\/wp\/v2\/pages\/422","targetHints":{"allow":["GET"]}}],"collection":[{"href":"https:\/\/www.flulpycrea.com.ar\/wp\/wp-json\/wp\/v2\/pages"}],"about":[{"href":"https:\/\/www.flulpycrea.com.ar\/wp\/wp-json\/wp\/v2\/types\/page"}],"author":[{"embeddable":true,"href":"https:\/\/www.flulpycrea.com.ar\/wp\/wp-json\/wp\/v2\/users\/1"}],"replies":[{"embeddable":true,"href":"https:\/\/www.flulpycrea.com.ar\/wp\/wp-json\/wp\/v2\/comments?post=422"}],"version-history":[{"count":1,"href":"https:\/\/www.flulpycrea.com.ar\/wp\/wp-json\/wp\/v2\/pages\/422\/revisions"}],"predecessor-version":[{"id":423,"href":"https:\/\/www.flulpycrea.com.ar\/wp\/wp-json\/wp\/v2\/pages\/422\/revisions\/423"}],"up":[{"embeddable":true,"href":"https:\/\/www.flulpycrea.com.ar\/wp\/wp-json\/wp\/v2\/pages\/118"}],"wp:attachment":[{"href":"https:\/\/www.flulpycrea.com.ar\/wp\/wp-json\/wp\/v2\/media?parent=422"}],"curies":[{"name":"wp","href":"https:\/\/api.w.org\/{rel}","templated":true}]}}