{"id":466,"date":"2016-06-02T11:12:43","date_gmt":"2016-06-02T14:12:43","guid":{"rendered":"https:\/\/www.flulpycrea.com.ar\/wp\/?page_id=466"},"modified":"2024-01-27T20:16:25","modified_gmt":"2024-01-27T23:16:25","slug":"registrar-impresoras-reales","status":"publish","type":"page","link":"https:\/\/www.flulpycrea.com.ar\/wp\/documentacion\/manual-del-usuario\/registrar-impresoras-reales\/","title":{"rendered":"Registrar impresoras reales"},"content":{"rendered":"<p>Notar\u00e1n que cuando instalaron o se instal\u00f3 el Master Control Client, tambi\u00e9n les instal\u00f3 la FlulpyPrinter. Si no est\u00e1 como predeterminada, les recomiendo que lo hagan. Porque todo deber\u00e1 ser impreso en esa impresora para que el sistema le facture al cliente autom\u00e1ticamente. De m\u00e1s est\u00e1 decir que deber\u00e1n quitar las referencias hacia las impresoras reales.<\/p>\n<p><img loading=\"lazy\" decoding=\"async\" class=\"alignnone size-full wp-image-470\" src=\"https:\/\/www.flulpycrea.com.ar\/wp\/wp-content\/uploads\/2016\/06\/NG15.jpg\" alt=\"NG15\" width=\"532\" height=\"282\" srcset=\"https:\/\/www.flulpycrea.com.ar\/wp\/wp-content\/uploads\/2016\/06\/NG15.jpg 532w, https:\/\/www.flulpycrea.com.ar\/wp\/wp-content\/uploads\/2016\/06\/NG15-300x159.jpg 300w\" sizes=\"auto, (max-width: 532px) 100vw, 532px\" \/><\/p>\n<h3>Luego debemos indicarle al Master Control Server \u00bfD\u00f3nde est\u00e1n? y \u00bfC\u00f3mo se llaman las impresoras reales?.<\/h3>\n<blockquote>\n<ul>\n<li>Desde su consola de administrador, ir a \u201cConfigurar CyberControl\u201d -&gt; opci\u00f3n \u201cControl de impresiones\u201d.<img loading=\"lazy\" decoding=\"async\" class=\"alignnone size-full wp-image-4613\" src=\"https:\/\/www.flulpycrea.com.ar\/wp\/wp-content\/uploads\/2024\/01\/buscarimpresora.png\" alt=\"\" width=\"988\" height=\"185\" srcset=\"https:\/\/www.flulpycrea.com.ar\/wp\/wp-content\/uploads\/2024\/01\/buscarimpresora.png 988w, https:\/\/www.flulpycrea.com.ar\/wp\/wp-content\/uploads\/2024\/01\/buscarimpresora-300x56.png 300w\" sizes=\"auto, (max-width: 988px) 100vw, 988px\" \/><\/li>\n<li>Clic en el primer bot\u00f3n \u201cBuscar\u201d del cuadro \u201cImpresoras controladas\u201d.<br \/>\nEn el cuadro de di\u00e1logo abierto, seleccionamos el nombre de la CPU en donde est\u00e1 conectada la impresora real. Buscamos las impresoras de esa CPU. Seleccionamos la impresora real encontrada.<br \/>\n<img loading=\"lazy\" decoding=\"async\" class=\"alignnone size-full wp-image-4614\" src=\"https:\/\/www.flulpycrea.com.ar\/wp\/wp-content\/uploads\/2024\/01\/aceptarimpresora.png\" alt=\"\" width=\"778\" height=\"219\" srcset=\"https:\/\/www.flulpycrea.com.ar\/wp\/wp-content\/uploads\/2024\/01\/aceptarimpresora.png 778w, https:\/\/www.flulpycrea.com.ar\/wp\/wp-content\/uploads\/2024\/01\/aceptarimpresora-300x84.png 300w\" sizes=\"auto, (max-width: 778px) 100vw, 778px\" \/><\/li>\n<li>Clic \u201cAgregar\u201d.<\/li>\n<li>Notar que las impresoras reales pueden estar f\u00edsicamente conectadas en cualquier CPU, y no obligatoriamente conectadas en la CPU servidora, siempre que la CPU tenga instalado y en ejecuci\u00f3n el CCC (Cyber Control Client), y a la hora de agregar la impresora real, dicha CPU debe figurar encendida y OnLine en el CyberControl, as\u00ed el sistema podr\u00e1 comunicarse y realizar la detecci\u00f3n de las impresoras conectadas en dicha cpu.<\/li>\n<\/ul>\n<\/blockquote>\n<h3>Ya agregada la impresora real:<\/h3>\n<blockquote>\n<ul>\n<li>Seleccionamos la impresora real.<\/li>\n<li>Abajo en la secci\u00f3n \u201cTipo de papel\u201d escribimos el tama\u00f1o de hoja, en mi caso (Argentina), es todo \u201cA4\u201d y \u201cLegal\u201d, pero si ustedes usan \u201cCarta\u201d, \u201cLegal\u201d, \u201cOficio\u201d, etc., pueden usar esos nombres.<br \/>\n<img loading=\"lazy\" decoding=\"async\" class=\"alignnone size-full wp-image-4615\" src=\"https:\/\/www.flulpycrea.com.ar\/wp\/wp-content\/uploads\/2024\/01\/agregarpapeles.png\" alt=\"\" width=\"936\" height=\"271\" srcset=\"https:\/\/www.flulpycrea.com.ar\/wp\/wp-content\/uploads\/2024\/01\/agregarpapeles.png 936w, https:\/\/www.flulpycrea.com.ar\/wp\/wp-content\/uploads\/2024\/01\/agregarpapeles-300x87.png 300w\" sizes=\"auto, (max-width: 936px) 100vw, 936px\" \/><\/li>\n<li>Uno de los tama\u00f1os de hoja debe tener activada la opci\u00f3n \u201cUsar esta configuraci\u00f3n si el documento a imprimir indica un tipo de papel no configurado\u201d.<\/li>\n<li>Si usan varios tipo de papeles, pueden agregar varios tama\u00f1os.<\/li>\n<li>Si usan distintos tipos de papel pero de igual tama\u00f1o pueden usar nombres como por ejemplo \u201cA4_fotogr\u00e1fico\u201d, &#8220;A4_cartulina\u201d,\u00a0etc. Es decir, siempre especificando el tama\u00f1o del papel dentro del nombre, para que el servidor entienda como se indexar\u00e1n.<\/li>\n<li>Si el servidor no reconoce el tama\u00f1o de papel simplemente leyendo su nombre, no lo aceptar\u00e1. En mi caso yo uso los nombres \u201cA4\u201d y \u201cA4fotogr\u00e1fico\u201d. Estos nombres configurados ser\u00e1n los que ver\u00e1 el cliente o empleado para elegir al imprimir, entonces deben ser nombres demostrativos, sencillos.<\/li>\n<li>El paso siguiente es que por cada tipo de papel que vas a usar, debes poner los c\u00f3digos r\u00e1pidos que facturar\u00e1, podr\u00e1 facturar distinto seg\u00fan si es color o negro, o distintos porcentaje de cobertura de la hoja con tinta, de modo que si gastas m\u00e1s tinta, cobre m\u00e1s caro. En el siguiente art\u00edculo se explica como hacer los c\u00f3digos facturables.<br \/>\n<img loading=\"lazy\" decoding=\"async\" class=\"alignnone size-full wp-image-4616\" src=\"https:\/\/www.flulpycrea.com.ar\/wp\/wp-content\/uploads\/2024\/01\/agregarfacturables.png\" alt=\"\" width=\"958\" height=\"657\" srcset=\"https:\/\/www.flulpycrea.com.ar\/wp\/wp-content\/uploads\/2024\/01\/agregarfacturables.png 958w, https:\/\/www.flulpycrea.com.ar\/wp\/wp-content\/uploads\/2024\/01\/agregarfacturables-300x206.png 300w\" sizes=\"auto, (max-width: 958px) 100vw, 958px\" \/><\/li>\n<\/ul>\n<\/blockquote>\n<p>Vea &#8220;<a href=\"https:\/\/www.flulpycrea.com.ar\/wp\/documentacion\/manual-del-usuario\/registrar-codigos-de-articulos-relacionados-a-la-facturacion-de-impresiones\/\">Registrar c\u00f3digos para facturaci\u00f3n de impresiones<\/a>&#8220;.<\/p>\n","protected":false},"excerpt":{"rendered":"<p>Notar\u00e1n que cuando instalaron o se instal\u00f3 el Master Control Client, tambi\u00e9n les instal\u00f3 la FlulpyPrinter. Si no est\u00e1 como<\/p>\n","protected":false},"author":1,"featured_media":0,"parent":118,"menu_order":0,"comment_status":"closed","ping_status":"closed","template":"","meta":{"footnotes":""},"class_list":["post-466","page","type-page","status-publish","hentry"],"_links":{"self":[{"href":"https:\/\/www.flulpycrea.com.ar\/wp\/wp-json\/wp\/v2\/pages\/466","targetHints":{"allow":["GET"]}}],"collection":[{"href":"https:\/\/www.flulpycrea.com.ar\/wp\/wp-json\/wp\/v2\/pages"}],"about":[{"href":"https:\/\/www.flulpycrea.com.ar\/wp\/wp-json\/wp\/v2\/types\/page"}],"author":[{"embeddable":true,"href":"https:\/\/www.flulpycrea.com.ar\/wp\/wp-json\/wp\/v2\/users\/1"}],"replies":[{"embeddable":true,"href":"https:\/\/www.flulpycrea.com.ar\/wp\/wp-json\/wp\/v2\/comments?post=466"}],"version-history":[{"count":9,"href":"https:\/\/www.flulpycrea.com.ar\/wp\/wp-json\/wp\/v2\/pages\/466\/revisions"}],"predecessor-version":[{"id":4619,"href":"https:\/\/www.flulpycrea.com.ar\/wp\/wp-json\/wp\/v2\/pages\/466\/revisions\/4619"}],"up":[{"embeddable":true,"href":"https:\/\/www.flulpycrea.com.ar\/wp\/wp-json\/wp\/v2\/pages\/118"}],"wp:attachment":[{"href":"https:\/\/www.flulpycrea.com.ar\/wp\/wp-json\/wp\/v2\/media?parent=466"}],"curies":[{"name":"wp","href":"https:\/\/api.w.org\/{rel}","templated":true}]}}