{"id":5128,"date":"2025-10-21T09:14:32","date_gmt":"2025-10-21T12:14:32","guid":{"rendered":"https:\/\/www.flulpycrea.com.ar\/wp\/?page_id=5128"},"modified":"2025-10-21T09:32:08","modified_gmt":"2025-10-21T12:32:08","slug":"la-imagen-de-fondo-del-crokis-mapa-solo-es-visible-en-el-servicio-web-y-no-en-las-consolas-de-cajeros-mediante-exe-para-windows","status":"publish","type":"page","link":"https:\/\/www.flulpycrea.com.ar\/wp\/documentacion\/soporte-tecnico\/la-imagen-de-fondo-del-crokis-mapa-solo-es-visible-en-el-servicio-web-y-no-en-las-consolas-de-cajeros-mediante-exe-para-windows\/","title":{"rendered":"La imagen de fondo del crokis\/mapa solo es visible en el servicio web y no en las consolas de cajeros mediante .EXE para Windows."},"content":{"rendered":"\n<p><\/p>\n\n\n\n<p>Compruebe si el fondo del mapa no es visible tampoco abriendo el cajero en el mism\u00edsimo CPU servidor. Si en el servidor es visible, pero no en las dem\u00e1s PC, es un problema de FILESHARE (no le anda las carpetas compartidas de red, busque la documentaci\u00f3n al respecto), si tampoco anda en el mismo servidor contin\u00fae ac\u00e1.<br><br><strong>Esto pasa cuando se restaura un servidor (su base de datos junto a los ejecutables) pero no el contenido de la carpeta broadcast.<\/strong><br><br>Como consecuencia, el crokis\/mapa de fondo de la consola cajero queda activa en los servicios web, pero ya no en los .EXE que ir\u00e1n a buscar un archivo que ya no existe.<\/p>\n\n\n\n<p>Se soluciona yendo a wingamer.ar -> use su cuenta admin -> configurar ->  cambiar mapa\/crokis, descargue la imagen colocada con click derecho &#8220;guardar imagen como&#8230;&#8221; en la miniatura, borre la imagen usando el bot\u00f3n quitar, y luego resuba la misma imagen. Eso har\u00e1 que la pr\u00f3xima vez que un cajero abra su consola en el .EXE, su Master Control Server descargue la imagen en su carpeta Broadcast\/maps\/, y de esa forma estar\u00e1 disponible para las consolas .EXE.<\/p>\n\n\n\n<blockquote class=\"wp-block-quote is-layout-flow wp-block-quote-is-layout-flow\">\n<p><strong>TIP: Siempre que haga backup del servidor, no se olvide de copiar la carpeta BroadCast entera, all\u00ed se gestiona todo tipo de gr\u00e1ficos que no ser\u00e1n re-creados autom\u00e1ticamente en caso de no existir.<\/strong><\/p>\n<\/blockquote>\n","protected":false},"excerpt":{"rendered":"<p>Compruebe si el fondo del mapa no es visible tampoco abriendo el cajero en el mism\u00edsimo CPU servidor. Si en<\/p>\n","protected":false},"author":1,"featured_media":0,"parent":114,"menu_order":0,"comment_status":"closed","ping_status":"closed","template":"","meta":{"footnotes":""},"class_list":["post-5128","page","type-page","status-publish","hentry"],"_links":{"self":[{"href":"https:\/\/www.flulpycrea.com.ar\/wp\/wp-json\/wp\/v2\/pages\/5128","targetHints":{"allow":["GET"]}}],"collection":[{"href":"https:\/\/www.flulpycrea.com.ar\/wp\/wp-json\/wp\/v2\/pages"}],"about":[{"href":"https:\/\/www.flulpycrea.com.ar\/wp\/wp-json\/wp\/v2\/types\/page"}],"author":[{"embeddable":true,"href":"https:\/\/www.flulpycrea.com.ar\/wp\/wp-json\/wp\/v2\/users\/1"}],"replies":[{"embeddable":true,"href":"https:\/\/www.flulpycrea.com.ar\/wp\/wp-json\/wp\/v2\/comments?post=5128"}],"version-history":[{"count":1,"href":"https:\/\/www.flulpycrea.com.ar\/wp\/wp-json\/wp\/v2\/pages\/5128\/revisions"}],"predecessor-version":[{"id":5130,"href":"https:\/\/www.flulpycrea.com.ar\/wp\/wp-json\/wp\/v2\/pages\/5128\/revisions\/5130"}],"up":[{"embeddable":true,"href":"https:\/\/www.flulpycrea.com.ar\/wp\/wp-json\/wp\/v2\/pages\/114"}],"wp:attachment":[{"href":"https:\/\/www.flulpycrea.com.ar\/wp\/wp-json\/wp\/v2\/media?parent=5128"}],"curies":[{"name":"wp","href":"https:\/\/api.w.org\/{rel}","templated":true}]}}