{"id":535,"date":"2016-06-02T19:49:12","date_gmt":"2016-06-02T22:49:12","guid":{"rendered":"https:\/\/www.flulpycrea.com.ar\/wp\/?page_id=535"},"modified":"2020-02-08T13:33:31","modified_gmt":"2020-02-08T16:33:31","slug":"crear-cuentas-de-clientes","status":"publish","type":"page","link":"https:\/\/www.flulpycrea.com.ar\/wp\/documentacion\/manual-del-usuario\/crear-cuentas-de-clientes\/","title":{"rendered":"Crear cuentas de clientes"},"content":{"rendered":"<blockquote>\n<ul>\n<li>Entremos al formulario para &#8220;crear cuentas&#8221; desde la &#8220;barra o cuadro de administraci\u00f3n&#8221;.<br \/><img loading=\"lazy\" decoding=\"async\" class=\"alignnone size-full wp-image-552\" src=\"https:\/\/www.flulpycrea.com.ar\/wp\/wp-content\/uploads\/2016\/06\/CrearCuenta.png\" alt=\"CrearCuenta\" width=\"866\" height=\"149\" srcset=\"https:\/\/www.flulpycrea.com.ar\/wp\/wp-content\/uploads\/2016\/06\/CrearCuenta.png 866w, https:\/\/www.flulpycrea.com.ar\/wp\/wp-content\/uploads\/2016\/06\/CrearCuenta-300x52.png 300w\" sizes=\"auto, (max-width: 866px) 100vw, 866px\" \/><img loading=\"lazy\" decoding=\"async\" class=\"alignnone size-full wp-image-2854\" src=\"https:\/\/www.flulpycrea.com.ar\/wp\/wp-content\/uploads\/2020\/02\/CrearCuenta1.png\" alt=\"\" width=\"398\" height=\"413\" srcset=\"https:\/\/www.flulpycrea.com.ar\/wp\/wp-content\/uploads\/2020\/02\/CrearCuenta1.png 398w, https:\/\/www.flulpycrea.com.ar\/wp\/wp-content\/uploads\/2020\/02\/CrearCuenta1-289x300.png 289w\" sizes=\"auto, (max-width: 398px) 100vw, 398px\" \/><\/li>\n<li>Seleccione la categor\u00eda que no sea la exclusiva para cuentas Staff.<\/li>\n<li>Aconsejamos colocar un password inicial como 123456 e instruir al cliente a que se lo cambie, es por ello que es muy importante que el cliente sepa bien el email y que se lo hayamos escrito correctamente, ya que lo necesitar\u00e1 para cambiar su password.<\/li>\n<li>Los datos reales del cliente son opcionales, pero son muy importante ingresarlos, ya que de esa forma pueden funcionar funciones como por ej. saber si en el establecimiento hay menores de edad, e indicarlo cuando le preguntemos si hay menores de edad, aparte la fecha de nacimiento tambi\u00e9n se usar\u00e1 para regalos tipo cumplea\u00f1ero, y el DNI y nombre real se usa para el libro de visitas virtual reglamentario por la ley.<\/li>\n<li><img loading=\"lazy\" decoding=\"async\" class=\"alignnone size-full wp-image-2855\" style=\"font-size: 1.0625rem;\" src=\"https:\/\/www.flulpycrea.com.ar\/wp\/wp-content\/uploads\/2020\/02\/CrearCuenta2.png\" alt=\"\" width=\"302\" height=\"495\" srcset=\"https:\/\/www.flulpycrea.com.ar\/wp\/wp-content\/uploads\/2020\/02\/CrearCuenta2.png 302w, https:\/\/www.flulpycrea.com.ar\/wp\/wp-content\/uploads\/2020\/02\/CrearCuenta2-183x300.png 183w\" sizes=\"auto, (max-width: 302px) 100vw, 302px\" \/><\/li>\n<\/ul>\n<\/blockquote>\n\n\n<p><\/p>\n","protected":false},"excerpt":{"rendered":"<p>Entremos al formulario para &#8220;crear cuentas&#8221; desde la &#8220;barra o cuadro de administraci\u00f3n&#8221;. Seleccione la categor\u00eda que no sea la<\/p>\n","protected":false},"author":1,"featured_media":0,"parent":118,"menu_order":0,"comment_status":"closed","ping_status":"closed","template":"","meta":{"footnotes":""},"class_list":["post-535","page","type-page","status-publish","hentry"],"_links":{"self":[{"href":"https:\/\/www.flulpycrea.com.ar\/wp\/wp-json\/wp\/v2\/pages\/535","targetHints":{"allow":["GET"]}}],"collection":[{"href":"https:\/\/www.flulpycrea.com.ar\/wp\/wp-json\/wp\/v2\/pages"}],"about":[{"href":"https:\/\/www.flulpycrea.com.ar\/wp\/wp-json\/wp\/v2\/types\/page"}],"author":[{"embeddable":true,"href":"https:\/\/www.flulpycrea.com.ar\/wp\/wp-json\/wp\/v2\/users\/1"}],"replies":[{"embeddable":true,"href":"https:\/\/www.flulpycrea.com.ar\/wp\/wp-json\/wp\/v2\/comments?post=535"}],"version-history":[{"count":9,"href":"https:\/\/www.flulpycrea.com.ar\/wp\/wp-json\/wp\/v2\/pages\/535\/revisions"}],"predecessor-version":[{"id":2861,"href":"https:\/\/www.flulpycrea.com.ar\/wp\/wp-json\/wp\/v2\/pages\/535\/revisions\/2861"}],"up":[{"embeddable":true,"href":"https:\/\/www.flulpycrea.com.ar\/wp\/wp-json\/wp\/v2\/pages\/118"}],"wp:attachment":[{"href":"https:\/\/www.flulpycrea.com.ar\/wp\/wp-json\/wp\/v2\/media?parent=535"}],"curies":[{"name":"wp","href":"https:\/\/api.w.org\/{rel}","templated":true}]}}