{"id":565,"date":"2016-06-03T11:56:10","date_gmt":"2016-06-03T14:56:10","guid":{"rendered":"https:\/\/www.flulpycrea.com.ar\/wp\/?page_id=565"},"modified":"2016-06-03T12:34:18","modified_gmt":"2016-06-03T15:34:18","slug":"informe-de-ingresos-y-egresos","status":"publish","type":"page","link":"https:\/\/www.flulpycrea.com.ar\/wp\/documentacion\/manual-del-usuario\/informe-de-ingresos-y-egresos\/","title":{"rendered":"Informe de ingresos y egresos"},"content":{"rendered":"<blockquote>\n<ul>\n<li>Desde la Barra de administraci\u00f3n -&gt; hazle clic en el bot\u00f3n &#8220;Visor Contable&#8221; -&gt; Secci\u00f3n &#8220;Consola visualizadora de informes&#8221;.<\/li>\n<li>Accederemos a la siguiente consola por defecto con la fecha del d\u00eda ya colocada y lista para pedir el informe diario. Solo tenemos que hacer clic en Pedir informe.<br \/>\n<img loading=\"lazy\" decoding=\"async\" class=\"alignnone size-full wp-image-573\" src=\"https:\/\/www.flulpycrea.com.ar\/wp\/wp-content\/uploads\/2016\/06\/Dibujo37.png\" alt=\"Dibujo37\" width=\"966\" height=\"590\" srcset=\"https:\/\/www.flulpycrea.com.ar\/wp\/wp-content\/uploads\/2016\/06\/Dibujo37.png 966w, https:\/\/www.flulpycrea.com.ar\/wp\/wp-content\/uploads\/2016\/06\/Dibujo37-300x183.png 300w\" sizes=\"auto, (max-width: 966px) 100vw, 966px\" \/><\/li>\n<li>Si luego quisi\u00e9ramos un informe por un periodo distinto, podemos cambiar manualmente la fecha\/hora desde y la fecha\/hora hasta, visto en la parte superior del formulario. O usar uno de los botones relacionados para cambiar el periodo autom\u00e1ticamente: El mes pasado, Ayer, Hoy, Este mes o Este a\u00f1o.<\/li>\n<li>Al pedir el informe de ingresos y egresos, por defecto, mostrar\u00e1 solamente los registros imputables como ingresos y egresos, ya que justamente de eso se tratan, de ingresos y egresos de dinero.<\/li>\n<\/ul>\n<\/blockquote>\n<p><strong>Si est\u00e1 realizando una auditor\u00eda o control sorpresa recomendamos\u00a0<a href=\"https:\/\/www.flulpycrea.com.ar\/wp\/documentacion\/manual-del-usuario\/ver-historial-de-caja-de-un-operador-o-gerente\/\">ver el historial de caja de Operador o Gerente<\/a>, que es mucho mejor para detectar fraudes.<\/strong><\/p>\n","protected":false},"excerpt":{"rendered":"<p>Desde la Barra de administraci\u00f3n -&gt; hazle clic en el bot\u00f3n &#8220;Visor Contable&#8221; -&gt; Secci\u00f3n &#8220;Consola visualizadora de informes&#8221;. Accederemos<\/p>\n","protected":false},"author":1,"featured_media":0,"parent":118,"menu_order":0,"comment_status":"closed","ping_status":"closed","template":"","meta":{"footnotes":""},"class_list":["post-565","page","type-page","status-publish","hentry"],"_links":{"self":[{"href":"https:\/\/www.flulpycrea.com.ar\/wp\/wp-json\/wp\/v2\/pages\/565","targetHints":{"allow":["GET"]}}],"collection":[{"href":"https:\/\/www.flulpycrea.com.ar\/wp\/wp-json\/wp\/v2\/pages"}],"about":[{"href":"https:\/\/www.flulpycrea.com.ar\/wp\/wp-json\/wp\/v2\/types\/page"}],"author":[{"embeddable":true,"href":"https:\/\/www.flulpycrea.com.ar\/wp\/wp-json\/wp\/v2\/users\/1"}],"replies":[{"embeddable":true,"href":"https:\/\/www.flulpycrea.com.ar\/wp\/wp-json\/wp\/v2\/comments?post=565"}],"version-history":[{"count":5,"href":"https:\/\/www.flulpycrea.com.ar\/wp\/wp-json\/wp\/v2\/pages\/565\/revisions"}],"predecessor-version":[{"id":583,"href":"https:\/\/www.flulpycrea.com.ar\/wp\/wp-json\/wp\/v2\/pages\/565\/revisions\/583"}],"up":[{"embeddable":true,"href":"https:\/\/www.flulpycrea.com.ar\/wp\/wp-json\/wp\/v2\/pages\/118"}],"wp:attachment":[{"href":"https:\/\/www.flulpycrea.com.ar\/wp\/wp-json\/wp\/v2\/media?parent=565"}],"curies":[{"name":"wp","href":"https:\/\/api.w.org\/{rel}","templated":true}]}}