{"id":595,"date":"2016-06-03T15:30:49","date_gmt":"2016-06-03T18:30:49","guid":{"rendered":"https:\/\/www.flulpycrea.com.ar\/wp\/?page_id=595"},"modified":"2016-06-03T15:39:27","modified_gmt":"2016-06-03T18:39:27","slug":"reportar-ingreso-de-nuevo-stock","status":"publish","type":"page","link":"https:\/\/www.flulpycrea.com.ar\/wp\/documentacion\/manual-del-usuario\/reportar-ingreso-de-nuevo-stock\/","title":{"rendered":"Reportar ingreso de nuevo stock"},"content":{"rendered":"<h2>Vamos a registrar que hemos comprado una resma A4.<\/h2>\n<blockquote>\n<ul>\n<li>Desde la \u201cbarra de administraci\u00f3n\u201d abrimos la \u201cConsola contable\u201d aunque en la skin dock figura como \u201cVisor Contable\u201d. Entramos a la opci\u00f3n \u201cGesti\u00f3n de stocks\u201d.<\/li>\n<li>Seleccionamos el art\u00edculo del papel, en nuestro ejemplo \u201cA4\u201d.<\/li>\n<li>Ingresamos la cantidad de hojas, es decir 500 hojas, y hacemos clic en Agregar stock.<\/li>\n<li>La otra funci\u00f3n que vemos, la de \u201ceditar stock\u201d est\u00e1 restringida a\u00a0solamente al due\u00f1o del ciber, y sirve solamente para hacer ajustes cuando el stock no cuadra.<\/li>\n<li>Mientras que usaremos la funci\u00f3n \u201cAgregar stock\u201d siempre que traigamos\u00a0m\u00e1s mercader\u00eda. Y solo se indica lo que agregamos al stock.<img loading=\"lazy\" decoding=\"async\" class=\"alignnone size-full wp-image-501\" src=\"https:\/\/www.flulpycrea.com.ar\/wp\/wp-content\/uploads\/2016\/06\/NG21.jpg\" sizes=\"auto, (max-width: 966px) 100vw, 966px\" srcset=\"https:\/\/www.flulpycrea.com.ar\/wp\/wp-content\/uploads\/2016\/06\/NG21.jpg 966w, https:\/\/www.flulpycrea.com.ar\/wp\/wp-content\/uploads\/2016\/06\/NG21-300x215.jpg 300w, https:\/\/www.flulpycrea.com.ar\/wp\/wp-content\/uploads\/2016\/06\/NG21-90x65.jpg 90w\" alt=\"NG21\" width=\"966\" height=\"693\" \/><\/li>\n<\/ul>\n<\/blockquote>\n<blockquote><p>Los stocks son visibles en el listado que se ve en la imagen anterior.<\/p>\n<p>En el caso de que haya configurado un combo bundle, el stock mostrado ser\u00e1 el stock del art\u00edculo componente que tenga menos cantidad de stock, es decir, el primer stock componente que est\u00e9 limitando al bundle.<\/p><\/blockquote>\n","protected":false},"excerpt":{"rendered":"<p>Vamos a registrar que hemos comprado una resma A4. Desde la \u201cbarra de administraci\u00f3n\u201d abrimos la \u201cConsola contable\u201d aunque en<\/p>\n","protected":false},"author":1,"featured_media":0,"parent":118,"menu_order":0,"comment_status":"closed","ping_status":"closed","template":"","meta":{"footnotes":""},"class_list":["post-595","page","type-page","status-publish","hentry"],"_links":{"self":[{"href":"https:\/\/www.flulpycrea.com.ar\/wp\/wp-json\/wp\/v2\/pages\/595","targetHints":{"allow":["GET"]}}],"collection":[{"href":"https:\/\/www.flulpycrea.com.ar\/wp\/wp-json\/wp\/v2\/pages"}],"about":[{"href":"https:\/\/www.flulpycrea.com.ar\/wp\/wp-json\/wp\/v2\/types\/page"}],"author":[{"embeddable":true,"href":"https:\/\/www.flulpycrea.com.ar\/wp\/wp-json\/wp\/v2\/users\/1"}],"replies":[{"embeddable":true,"href":"https:\/\/www.flulpycrea.com.ar\/wp\/wp-json\/wp\/v2\/comments?post=595"}],"version-history":[{"count":5,"href":"https:\/\/www.flulpycrea.com.ar\/wp\/wp-json\/wp\/v2\/pages\/595\/revisions"}],"predecessor-version":[{"id":601,"href":"https:\/\/www.flulpycrea.com.ar\/wp\/wp-json\/wp\/v2\/pages\/595\/revisions\/601"}],"up":[{"embeddable":true,"href":"https:\/\/www.flulpycrea.com.ar\/wp\/wp-json\/wp\/v2\/pages\/118"}],"wp:attachment":[{"href":"https:\/\/www.flulpycrea.com.ar\/wp\/wp-json\/wp\/v2\/media?parent=595"}],"curies":[{"name":"wp","href":"https:\/\/api.w.org\/{rel}","templated":true}]}}