{"id":627,"date":"2016-06-03T20:01:36","date_gmt":"2016-06-03T23:01:36","guid":{"rendered":"https:\/\/www.flulpycrea.com.ar\/wp\/?page_id=627"},"modified":"2016-06-03T20:47:55","modified_gmt":"2016-06-03T23:47:55","slug":"ver-todos-los-movimientos-de-una-cuenta-contable-dada","status":"publish","type":"page","link":"https:\/\/www.flulpycrea.com.ar\/wp\/documentacion\/manual-del-usuario\/ver-todos-los-movimientos-de-una-cuenta-contable-dada\/","title":{"rendered":"Ver todos los movimientos de una cuenta contable dada"},"content":{"rendered":"<p>Desde la &#8220;Barra de administraci\u00f3n&#8221; -&gt; hazle clic en &#8220;Visor Contable&#8221; -&gt; Secci\u00f3n &#8220;Consola visualizadora de informes&#8221;.<\/p>\n<blockquote>\n<ul>\n<li>Accederemos a la siguiente consola por defecto con la fecha del d\u00eda ya colocada y lista para pedir el informe diario. Como deseamos obtener otra informaci\u00f3n.<\/li>\n<li>Estableceremos el periodo deseado a analizar, por ejemplo: Este a\u00f1o.<\/li>\n<li>Hazle clic dos veces en &#8220;Presentar en detalle cada movimiento individualmente&#8221;.<\/li>\n<li>Luego en la secci\u00f3n opciones avanzadas, cuadro Filtro, pon el c\u00f3digo r\u00e1pido de la cuenta contable a analizar.<\/li>\n<li>Finalmente clic en &#8220;Pedir informe&#8221;.<br \/>\n<img loading=\"lazy\" decoding=\"async\" class=\"alignnone size-full wp-image-646\" src=\"https:\/\/www.flulpycrea.com.ar\/wp\/wp-content\/uploads\/2016\/06\/Dibujo44.png\" alt=\"Dibujo44\" width=\"966\" height=\"590\" srcset=\"https:\/\/www.flulpycrea.com.ar\/wp\/wp-content\/uploads\/2016\/06\/Dibujo44.png 966w, https:\/\/www.flulpycrea.com.ar\/wp\/wp-content\/uploads\/2016\/06\/Dibujo44-300x183.png 300w\" sizes=\"auto, (max-width: 966px) 100vw, 966px\" \/><\/li>\n<\/ul>\n<\/blockquote>\n<p>En el informe se observar\u00e1n todos los registros donde la cuenta contable dada est\u00e9 involucrada.<\/p>\n","protected":false},"excerpt":{"rendered":"<p>Desde la &#8220;Barra de administraci\u00f3n&#8221; -&gt; hazle clic en &#8220;Visor Contable&#8221; -&gt; Secci\u00f3n &#8220;Consola visualizadora de informes&#8221;. Accederemos a la<\/p>\n","protected":false},"author":1,"featured_media":0,"parent":118,"menu_order":0,"comment_status":"closed","ping_status":"closed","template":"","meta":{"footnotes":""},"class_list":["post-627","page","type-page","status-publish","hentry"],"_links":{"self":[{"href":"https:\/\/www.flulpycrea.com.ar\/wp\/wp-json\/wp\/v2\/pages\/627","targetHints":{"allow":["GET"]}}],"collection":[{"href":"https:\/\/www.flulpycrea.com.ar\/wp\/wp-json\/wp\/v2\/pages"}],"about":[{"href":"https:\/\/www.flulpycrea.com.ar\/wp\/wp-json\/wp\/v2\/types\/page"}],"author":[{"embeddable":true,"href":"https:\/\/www.flulpycrea.com.ar\/wp\/wp-json\/wp\/v2\/users\/1"}],"replies":[{"embeddable":true,"href":"https:\/\/www.flulpycrea.com.ar\/wp\/wp-json\/wp\/v2\/comments?post=627"}],"version-history":[{"count":4,"href":"https:\/\/www.flulpycrea.com.ar\/wp\/wp-json\/wp\/v2\/pages\/627\/revisions"}],"predecessor-version":[{"id":648,"href":"https:\/\/www.flulpycrea.com.ar\/wp\/wp-json\/wp\/v2\/pages\/627\/revisions\/648"}],"up":[{"embeddable":true,"href":"https:\/\/www.flulpycrea.com.ar\/wp\/wp-json\/wp\/v2\/pages\/118"}],"wp:attachment":[{"href":"https:\/\/www.flulpycrea.com.ar\/wp\/wp-json\/wp\/v2\/media?parent=627"}],"curies":[{"name":"wp","href":"https:\/\/api.w.org\/{rel}","templated":true}]}}