{"id":769,"date":"2016-06-06T23:08:00","date_gmt":"2016-06-07T02:08:00","guid":{"rendered":"https:\/\/www.flulpycrea.com.ar\/wp\/?page_id=769"},"modified":"2016-06-07T14:27:44","modified_gmt":"2016-06-07T17:27:44","slug":"al-revisar-logs-de-una-fecha-especifica-no-puedo-ver-los-primeros-registros-de-actividad-que-deberian-estar-alli","status":"publish","type":"page","link":"https:\/\/www.flulpycrea.com.ar\/wp\/documentacion\/soporte-tecnico\/al-revisar-logs-de-una-fecha-especifica-no-puedo-ver-los-primeros-registros-de-actividad-que-deberian-estar-alli\/","title":{"rendered":"Al revisar logs de una fecha espec\u00edfica no puedo ver los primeros registros de actividad que deber\u00edan estar all\u00ed"},"content":{"rendered":"<h3>S\u00cdNTOMAS:<\/h3>\n<blockquote><p>Al buscar logs de una fecha espec\u00edfica los primeros registros de actividad del d\u00eda no son visibles.<\/p><\/blockquote>\n<h3>MOTIVOS:<\/h3>\n<blockquote>\n<ul>\n<li>Es\u00a0un efecto colateral de una caracter\u00edstica importante del sistema Flulpy. La caracter\u00edstica es el sistema de anti-fraude conocida como \u201canti tunel del tiempo\u201d, que b\u00e1sicamente impide que registros contables, logs, estad\u00edsticas, etc., se vayan a anotar en otra fecha cualquiera\u00a0cuando a\u00fan el servidor no est\u00e1 regularizado. Esto evita que un empleado pueda hacer fraude enviando registros de actividad a otras fechas y as\u00ed poder decir que el d\u00eda estuvo con poca actividad y por lo tanto robar dinero.<\/li>\n<li>Lamentablemente a\u00fan cuando no hay fraudes, si por alguna raz\u00f3n cuando el servidor es encendido al comenzar la jornada\u00a0y este acusa de que no est\u00e1 regularizado (por ejemplo, porque hay tiempos de consumo sin cerrar del d\u00eda anterior), hasta que el empleado no regularice el status del servidor, todos los registros de actividad ser\u00e1n guardados\u00a0con la fecha persistente de la fecha donde el servidor s\u00ed estuvo regularizado, que normalmente refiere a la fecha de la jornada anterior, a\u00fan cuando en el texto de los registro se diga la fecha que se lee del reloj del servidor, pero se guarda en el registro de la fecha de la jornada anterior.<\/li>\n<\/ul>\n<\/blockquote>\n<h3>SOLUCI\u00d3N:<\/h3>\n<blockquote>\n<ul>\n<li>Si solicita un rango de fechas al solicitar el log, Ej. \u201cdesde ayer hasta hoy\u201d, podr\u00e1 ver los registro de hoy que no aparec\u00edan si especificaba exclusivamente la fecha de hoy.<\/li>\n<li>Tenga cuidado al pedir un rango de fecha al pedir logs, la informaci\u00f3n puede ser tanta que puede \u201cfloodear\u201d su visor de logs y bloquearlo. Lo mejor por ejemplo, es pedir un rango de horas. Ejemplo: desde 22:00:00 del 14\/07\/2015 hasta 09:00:00 del 15\/07\/2015.<\/li>\n<\/ul>\n<\/blockquote>\n","protected":false},"excerpt":{"rendered":"<p>S\u00cdNTOMAS: Al buscar logs de una fecha espec\u00edfica los primeros registros de actividad del d\u00eda no son visibles. MOTIVOS: Es\u00a0un<\/p>\n","protected":false},"author":1,"featured_media":0,"parent":114,"menu_order":0,"comment_status":"closed","ping_status":"closed","template":"","meta":{"footnotes":""},"class_list":["post-769","page","type-page","status-publish","hentry"],"_links":{"self":[{"href":"https:\/\/www.flulpycrea.com.ar\/wp\/wp-json\/wp\/v2\/pages\/769","targetHints":{"allow":["GET"]}}],"collection":[{"href":"https:\/\/www.flulpycrea.com.ar\/wp\/wp-json\/wp\/v2\/pages"}],"about":[{"href":"https:\/\/www.flulpycrea.com.ar\/wp\/wp-json\/wp\/v2\/types\/page"}],"author":[{"embeddable":true,"href":"https:\/\/www.flulpycrea.com.ar\/wp\/wp-json\/wp\/v2\/users\/1"}],"replies":[{"embeddable":true,"href":"https:\/\/www.flulpycrea.com.ar\/wp\/wp-json\/wp\/v2\/comments?post=769"}],"version-history":[{"count":3,"href":"https:\/\/www.flulpycrea.com.ar\/wp\/wp-json\/wp\/v2\/pages\/769\/revisions"}],"predecessor-version":[{"id":830,"href":"https:\/\/www.flulpycrea.com.ar\/wp\/wp-json\/wp\/v2\/pages\/769\/revisions\/830"}],"up":[{"embeddable":true,"href":"https:\/\/www.flulpycrea.com.ar\/wp\/wp-json\/wp\/v2\/pages\/114"}],"wp:attachment":[{"href":"https:\/\/www.flulpycrea.com.ar\/wp\/wp-json\/wp\/v2\/media?parent=769"}],"curies":[{"name":"wp","href":"https:\/\/api.w.org\/{rel}","templated":true}]}}