{"id":874,"date":"2016-06-07T20:55:03","date_gmt":"2016-06-07T23:55:03","guid":{"rendered":"https:\/\/www.flulpycrea.com.ar\/wp\/?page_id=874"},"modified":"2020-12-27T20:18:29","modified_gmt":"2020-12-27T23:18:29","slug":"paso-2-instalacion-automatica-del-conjunto-de-componentes-clientes","status":"publish","type":"page","link":"https:\/\/www.flulpycrea.com.ar\/wp\/documentacion\/guia-de-instalacion\/paso-2-instalacion-automatica-del-conjunto-de-componentes-clientes\/","title":{"rendered":"Paso 2: Instalaci\u00f3n autom\u00e1tica del conjunto de componentes clientes"},"content":{"rendered":"Mientras termin\u00f3 de instalarse el servidor, y apareci\u00f3 ya en funcionamiento el servidor.\n\nImagen del m\u00f3dulo servidor:\n<img loading=\"lazy\" decoding=\"async\" class=\"alignnone size-full wp-image-1991\" src=\"https:\/\/www.flulpycrea.com.ar\/wp\/wp-content\/uploads\/2016\/06\/instsvr6.png\" alt=\"\" width=\"546\" height=\"301\" srcset=\"https:\/\/www.flulpycrea.com.ar\/wp\/wp-content\/uploads\/2016\/06\/instsvr6.png 546w, https:\/\/www.flulpycrea.com.ar\/wp\/wp-content\/uploads\/2016\/06\/instsvr6-300x165.png 300w\" sizes=\"auto, (max-width: 546px) 100vw, 546px\" \/>\n\nHa sido iniciado una instalaci\u00f3n autom\u00e1tica del m\u00f3dulo cliente, por defecto en &#8220;C:\\Archivos de programa (x86)\\Master Control Client\\&#8221;. Y hasta lo ha pre-configurado.\n\n\n<figure class=\"wp-block-image size-large\"><img loading=\"lazy\" decoding=\"async\" width=\"606\" height=\"491\" class=\"wp-image-3234\" src=\"https:\/\/www.flulpycrea.com.ar\/wp\/wp-content\/uploads\/2020\/12\/installer3.png\" alt=\"\" srcset=\"https:\/\/www.flulpycrea.com.ar\/wp\/wp-content\/uploads\/2020\/12\/installer3.png 606w, https:\/\/www.flulpycrea.com.ar\/wp\/wp-content\/uploads\/2020\/12\/installer3-300x243.png 300w\" sizes=\"auto, (max-width: 606px) 100vw, 606px\" \/><\/figure>\n<blockquote>Luego lanzar\u00e1 la instalaci\u00f3n de una impresora virtual y deber\u00e1 permitirlo, y aceptar, y hacer clic en finalizar dicho instalador.<\/blockquote>\nLuego aparecer\u00e1 la aprobaci\u00f3n de la IP a la cual el cliente debe conectarse.\n\n\n<figure class=\"wp-block-image size-large\"><img loading=\"lazy\" decoding=\"async\" width=\"427\" height=\"205\" class=\"wp-image-3235\" src=\"https:\/\/www.flulpycrea.com.ar\/wp\/wp-content\/uploads\/2020\/12\/installer4.png\" alt=\"\" srcset=\"https:\/\/www.flulpycrea.com.ar\/wp\/wp-content\/uploads\/2020\/12\/installer4.png 427w, https:\/\/www.flulpycrea.com.ar\/wp\/wp-content\/uploads\/2020\/12\/installer4-300x144.png 300w\" sizes=\"auto, (max-width: 427px) 100vw, 427px\" \/><\/figure>\n\n\nEventualmente esta automatizaci\u00f3n concluir\u00e1, y tendr\u00e1 que aceptar el siguiente cuadro de di\u00e1logo.\n\n\n<figure class=\"wp-block-image size-large\"><img loading=\"lazy\" decoding=\"async\" width=\"681\" height=\"179\" class=\"wp-image-3236\" src=\"https:\/\/www.flulpycrea.com.ar\/wp\/wp-content\/uploads\/2020\/12\/installer5.png\" alt=\"\" srcset=\"https:\/\/www.flulpycrea.com.ar\/wp\/wp-content\/uploads\/2020\/12\/installer5.png 681w, https:\/\/www.flulpycrea.com.ar\/wp\/wp-content\/uploads\/2020\/12\/installer5-300x79.png 300w\" sizes=\"auto, (max-width: 681px) 100vw, 681px\" \/><\/figure>\nClic en &#8220;Finalizar&#8221; sin tocar nada.\n\nAparece un cuadro recordando que si tienes un antivirus nos excepciones.\n\nFinalmente, si todo va bien, y no hay imposiciones de seguridad de un Windows 10 des-actualizado y\/o de versi\u00f3n beta, o un Windows 7\/8 mal preparado, aparecer\u00e1 el CCC (Cyber Control Client) ya diciendo que est\u00e1 en &#8220;Modo Staff&#8221;.\n\n<img loading=\"lazy\" decoding=\"async\" class=\"alignnone size-full wp-image-1992\" src=\"https:\/\/www.flulpycrea.com.ar\/wp\/wp-content\/uploads\/2016\/06\/instsvr7.png\" alt=\"\" width=\"298\" height=\"43\" \/>\u00a0(este aspecto corresponde a la skin SkinESportsBlack)\n<blockquote><strong>NOTA:<\/strong> Si no aparece visualmente el CCC, vea esta hoja de soporte.\n<a href=\"https:\/\/www.flulpycrea.com.ar\/wp\/documentacion\/soporte-tecnico\/luego-de-completar-la-instalacion-el-cybercontrolclient-ccc-no-se-activa\/\" target=\"_blank\" rel=\"noopener noreferrer\">El Ciber Control Cliente no se activa autom\u00e1ticamente.<\/a><\/blockquote>\n<h3>INFORMACI\u00d3N<\/h3>\nEl servidor reci\u00e9n instalado establecer\u00e1 autom\u00e1ticamente en &#8220;Modo Staff&#8221; al primer CCC que se le conecte, esto lo hace para facilitar el proceso de instalaci\u00f3n.\n<blockquote>El &#8220;Modo Staff&#8221; significa que la CPU es una <strong>PC no alquilable<\/strong>, que en realidad es una PC de servicios que usar\u00e1 el personal del establecimiento (el staff), sea como CPU de caja o CPU servidora dedicada.<\/blockquote>\n<p style=\"text-align: center;\"><a href=\"https:\/\/www.flulpycrea.com.ar\/wp\/documentacion\/guia-de-instalacion\/identificarse-primero-y-usar-el-asistente-de-configuracion\/\">SIGUIENTE PASO<\/a><\/p>","protected":false},"excerpt":{"rendered":"<p>Mientras termin\u00f3 de instalarse el servidor, y apareci\u00f3 ya en funcionamiento el servidor. Imagen del m\u00f3dulo servidor: Ha sido iniciado<\/p>\n","protected":false},"author":1,"featured_media":0,"parent":108,"menu_order":0,"comment_status":"closed","ping_status":"closed","template":"","meta":{"footnotes":""},"class_list":["post-874","page","type-page","status-publish","hentry"],"_links":{"self":[{"href":"https:\/\/www.flulpycrea.com.ar\/wp\/wp-json\/wp\/v2\/pages\/874","targetHints":{"allow":["GET"]}}],"collection":[{"href":"https:\/\/www.flulpycrea.com.ar\/wp\/wp-json\/wp\/v2\/pages"}],"about":[{"href":"https:\/\/www.flulpycrea.com.ar\/wp\/wp-json\/wp\/v2\/types\/page"}],"author":[{"embeddable":true,"href":"https:\/\/www.flulpycrea.com.ar\/wp\/wp-json\/wp\/v2\/users\/1"}],"replies":[{"embeddable":true,"href":"https:\/\/www.flulpycrea.com.ar\/wp\/wp-json\/wp\/v2\/comments?post=874"}],"version-history":[{"count":20,"href":"https:\/\/www.flulpycrea.com.ar\/wp\/wp-json\/wp\/v2\/pages\/874\/revisions"}],"predecessor-version":[{"id":3237,"href":"https:\/\/www.flulpycrea.com.ar\/wp\/wp-json\/wp\/v2\/pages\/874\/revisions\/3237"}],"up":[{"embeddable":true,"href":"https:\/\/www.flulpycrea.com.ar\/wp\/wp-json\/wp\/v2\/pages\/108"}],"wp:attachment":[{"href":"https:\/\/www.flulpycrea.com.ar\/wp\/wp-json\/wp\/v2\/media?parent=874"}],"curies":[{"name":"wp","href":"https:\/\/api.w.org\/{rel}","templated":true}]}}